{"id":126,"date":"2018-03-16T18:10:58","date_gmt":"2018-03-16T17:10:58","guid":{"rendered":"http:\/\/danyduchainethemes.com\/zahara-blog\/?page_id=126"},"modified":"2021-06-10T10:05:02","modified_gmt":"2021-06-10T08:05:02","slug":"about","status":"publish","type":"page","link":"https:\/\/coolstorybro.fr\/en\/about\/","title":{"rendered":"About Coolstorybro"},"content":{"rendered":"<div class=\"vc_row wpb_row vc_row-fluid\"><div class=\"wpb_column vc_column_container vc_col-sm-3\"><div class=\"vc_column-inner\"><div class=\"wpb_wrapper\"><\/div><\/div><\/div><div class=\"wpb_column vc_column_container vc_col-sm-6\"><div class=\"vc_column-inner\"><div class=\"wpb_wrapper\">\n\t<div class=\"wpb_text_column wpb_content_element\" >\n\t\t<div class=\"wpb_wrapper\">\n\t\t\t<h5 style=\"text-align: center;\">Dans ma vie j&#8217;ai \u00e9t\u00e9 <a href=\"https:\/\/team.inria.fr\/diana\/team-members\/\">jeune chercheur<\/a>, <a href=\"https:\/\/www.youtube.com\/watch?v=xcDeWt2w6LM&amp;list=PLWvGMqXvyJAO909q0ikPG30gTBI95-S6I\">YouTubeur<\/a>, chef scout et enseignant. De fa\u00e7on g\u00e9n\u00e9rale, j&#8217;aime assouvir ma curiosit\u00e9 en d\u00e9vorant des livres que je trouve cools, et j&#8217;aime partager les connaissances que j&#8217;acquiers de fa\u00e7on int\u00e9ressante.<\/h5>\n\n\t\t<\/div>\n\t<\/div>\n<\/div><\/div><\/div><div class=\"wpb_column vc_column_container vc_col-sm-3\"><div class=\"vc_column-inner\"><div class=\"wpb_wrapper\"><\/div><\/div><\/div><\/div>","protected":false},"excerpt":{"rendered":"Dans ma vie j'ai \u00e9t\u00e9 jeune chercheur, YouTubeur, chef scout et enseignant. De fa\u00e7on g\u00e9n\u00e9rale, j'aime assouvir ma curiosit\u00e9 en d\u00e9vorant des livres que je trouve cools, et j'aime partager&hellip;","protected":false},"author":1,"featured_media":0,"parent":0,"menu_order":0,"comment_status":"closed","ping_status":"closed","template":"","meta":[],"yoast_head":"<!-- This site is optimized with the Yoast SEO plugin v16.4 - https:\/\/yoast.com\/wordpress\/plugins\/seo\/ -->\n<title>\u00c0 propos - Coolstorybro<\/title>\n<meta name=\"robots\" content=\"index, follow, max-snippet:-1, max-image-preview:large, max-video-preview:-1\" \/>\n<link rel=\"canonical\" href=\"https:\/\/coolstorybro.fr\/en\/about\/\" \/>\n<meta property=\"og:locale\" content=\"en_US\" \/>\n<meta property=\"og:type\" content=\"article\" \/>\n<meta property=\"og:title\" content=\"\u00c0 propos - Coolstorybro\" \/>\n<meta property=\"og:url\" content=\"https:\/\/coolstorybro.fr\/en\/about\/\" \/>\n<meta property=\"og:site_name\" content=\"Coolstorybro\" \/>\n<meta property=\"article:publisher\" content=\"https:\/\/www.facebook.com\/thibaut.ehlinger\" \/>\n<meta property=\"article:modified_time\" content=\"2021-06-10T08:05:02+00:00\" \/>\n<meta name=\"twitter:card\" content=\"summary_large_image\" \/>\n<script type=\"application\/ld+json\" class=\"yoast-schema-graph\">{\"@context\":\"https:\/\/schema.org\",\"@graph\":[{\"@type\":\"WebSite\",\"@id\":\"https:\/\/coolstorybro.fr\/#website\",\"url\":\"https:\/\/coolstorybro.fr\/\",\"name\":\"Coolstorybro\",\"description\":\"Blog de Thibaut Ehlinger\",\"potentialAction\":[{\"@type\":\"SearchAction\",\"target\":\"https:\/\/coolstorybro.fr\/?s={search_term_string}\",\"query-input\":\"required name=search_term_string\"}],\"inLanguage\":\"en-US\"},{\"@type\":\"WebPage\",\"@id\":\"https:\/\/coolstorybro.fr\/about\/#webpage\",\"url\":\"https:\/\/coolstorybro.fr\/about\/\",\"name\":\"\\u00c0 propos - Coolstorybro\",\"isPartOf\":{\"@id\":\"https:\/\/coolstorybro.fr\/#website\"},\"datePublished\":\"2018-03-16T17:10:58+00:00\",\"dateModified\":\"2021-06-10T08:05:02+00:00\",\"breadcrumb\":{\"@id\":\"https:\/\/coolstorybro.fr\/about\/#breadcrumb\"},\"inLanguage\":\"en-US\",\"potentialAction\":[{\"@type\":\"ReadAction\",\"target\":[\"https:\/\/coolstorybro.fr\/about\/\"]}]},{\"@type\":\"BreadcrumbList\",\"@id\":\"https:\/\/coolstorybro.fr\/about\/#breadcrumb\",\"itemListElement\":[{\"@type\":\"ListItem\",\"position\":1,\"item\":{\"@type\":\"WebPage\",\"@id\":\"https:\/\/coolstorybro.fr\/\",\"url\":\"https:\/\/coolstorybro.fr\/\",\"name\":\"Home\"}},{\"@type\":\"ListItem\",\"position\":2,\"item\":{\"@id\":\"https:\/\/coolstorybro.fr\/about\/#webpage\"}}]}]}<\/script>\n<!-- \/ Yoast SEO plugin. -->","_links":{"self":[{"href":"https:\/\/coolstorybro.fr\/en\/wp-json\/wp\/v2\/pages\/126"}],"collection":[{"href":"https:\/\/coolstorybro.fr\/en\/wp-json\/wp\/v2\/pages"}],"about":[{"href":"https:\/\/coolstorybro.fr\/en\/wp-json\/wp\/v2\/types\/page"}],"author":[{"embeddable":true,"href":"https:\/\/coolstorybro.fr\/en\/wp-json\/wp\/v2\/users\/1"}],"replies":[{"embeddable":true,"href":"https:\/\/coolstorybro.fr\/en\/wp-json\/wp\/v2\/comments?post=126"}],"version-history":[{"count":10,"href":"https:\/\/coolstorybro.fr\/en\/wp-json\/wp\/v2\/pages\/126\/revisions"}],"predecessor-version":[{"id":667,"href":"https:\/\/coolstorybro.fr\/en\/wp-json\/wp\/v2\/pages\/126\/revisions\/667"}],"wp:attachment":[{"href":"https:\/\/coolstorybro.fr\/en\/wp-json\/wp\/v2\/media?parent=126"}],"curies":[{"name":"wp","href":"https:\/\/api.w.org\/{rel}","templated":true}]}}