{"id":379,"date":"2019-03-08T13:05:57","date_gmt":"2019-03-08T12:05:57","guid":{"rendered":"http:\/\/coolstorybro.fr\/?page_id=379"},"modified":"2021-06-10T10:05:30","modified_gmt":"2021-06-10T08:05:30","slug":"livres-cruciaux","status":"publish","type":"page","link":"https:\/\/coolstorybro.fr\/en\/livres-cruciaux\/","title":{"rendered":"Crucial Books"},"content":{"rendered":"<div class=\"vc_row wpb_row vc_row-fluid\"><div class=\"wpb_column vc_column_container vc_col-sm-3\"><div class=\"vc_column-inner\"><div class=\"wpb_wrapper\"><\/div><\/div><\/div><div class=\"wpb_column vc_column_container vc_col-sm-6\"><div class=\"vc_column-inner\"><div class=\"wpb_wrapper\">\n\t<div class=\"wpb_text_column wpb_content_element\" >\n\t\t<div class=\"wpb_wrapper\">\n\t\t\t<p>Sur cette page, un r\u00e9cap de tous les livres cruciaux que j&#8217;ai lus et qui ont chang\u00e9 ma vie.<\/p>\n<h6><span style=\"text-decoration: underline;\">\u00c9pist\u00e9mologie<\/span> :<\/h6>\n<ol>\n<li><em>La Formule du Savoir: Une philosophie unifi\u00e9e du savoir fond\u00e9e sur le th\u00e9or\u00e8me de Bayes<\/em> &#8211;\u00a0L\u00ea Nguy\u00ean Hoang<\/li>\n<li><em>Thinking, Fast and Slow<\/em> &#8211;\u00a0Daniel Kahneman<\/li>\n<li><em>Mistakes were made\u00a0<\/em>&#8211; Caroll Tarvis<\/li>\n<li><em>The Unpersuadables: Adventures wiith the Enemies of Science\u00a0<\/em>&#8211; Will Storr<\/li>\n<li><em>Bad science\u00a0<\/em>&#8211; Ben Goldenacre<\/li>\n<li><em>The Black Swan: Second Edition: The Impact of the Highly Improbable \u2013 <\/em>Nassim Nicholas Taleb<\/li>\n<li><em>Fooled by Randomness: The Hidden Role of Chance in Life and in the Markets<\/em> &#8211; Nassim Nicholas Taleb<\/li>\n<li><em>Superforcasting\u00a0<\/em>&#8211; Philip Tetlock<\/li>\n<\/ol>\n<h6><span style=\"text-decoration: underline;\">\u00c9ducation<\/span><\/h6>\n<ol>\n<li><em>Education for thinking<\/em> &#8211; Deanna Kuhn<\/li>\n<li><em>Mindset<\/em> &#8211; Carol S. Dweck<\/li>\n<li><em>McKeachie&#8217;s teaching tips<\/em> &#8211;\u00a0Wilbert J. McKeachie<\/li>\n<li><em>Learning to Learn and the Navigation of Moods<\/em> &#8211; Gloria P. Flores<\/li>\n<li><em>Thought and knowledge, an introduction to critical thinking<\/em> &#8211; Diane Halpern<\/li>\n<li><em>Academically Adrift<\/em> &#8211; Richard Arum<\/li>\n<li><em>L&#8217;innovation p\u00e9dagogique<\/em> &#8211; Andr\u00e9 Tricot<\/li>\n<li><em>Make it stick !\u00a0<\/em>&#8211; Peter C. Brown<\/li>\n<li><em>P\u00e9dagogie de l&#8217;enseignement sup\u00e9rieur<\/em> &#8211; Denis Berthiaume &amp; Nicole Rege-Colet<\/li>\n<\/ol>\n<h6><span style=\"text-decoration: underline;\">Philosophie\u00a0&amp; sagesse<\/span> :<\/h6>\n<ol>\n<li><em>The heart of Buddha&#8217;s teachings\u00a0<\/em>&#8211; Thich Nhath Hanh<\/li>\n<li><em>Lettres \u00e0 Lucilius<\/em> &#8211; S\u00e9n\u00e8que<\/li>\n<li><em> Walden; or, Life in the Woods<\/em> &#8211; Henry David Thoreau<\/li>\n<li>\n<div class=\"kno-ecr-pt kno-fb-ctx gsmt\" data-local-attribute=\"d3bn\" data-ved=\"2ahUKEwiridaftf_gAhWsBWMBHb41BuIQ3B0oATARegQIBhAK\"><em>Le Tao de Pooh<\/em> &#8211;\u00a0<span data-ved=\"2ahUKEwiridaftf_gAhWsBWMBHb41BuIQ2kooAjARegQIBhAL\">Benjamin Hoff<\/span><\/div>\n<\/li>\n<li><em>The book of joy\u00a0\u00a0<\/em>&#8211; Desmond Tutu, Dala\u00ef Lama<\/li>\n<li><i>The World Beyond Your Head: On Becoming an Individual in an Age of Distraction &#8211;\u00a0<\/i>Matthew Crawford<\/li>\n<li><em>Petit trait\u00e9 des grandes vertus<\/em> &#8211;\u00a0Andr\u00e9 Comte-Sponville<\/li>\n<\/ol>\n<h6><span style=\"text-decoration: underline;\">Psychologie &amp; relations<\/span> :<\/h6>\n<ol>\n<li><em>Radical Honnesty<\/em> &#8211; Brad Blanton<\/li>\n<li><em>Lost Connections: Uncovering the Real Causes of Depression \u2013 and the Unexpected Solutions<\/em> &#8211; Johann Hari<\/li>\n<li><em>The Man&#8217;s Guide to Women: Scientifically Proven Secrets from the Love Lab About What Women Really Want<\/em> &#8211; John Gottman (<a href=\"https:\/\/www.facebook.com\/notes\/coolstorybro\/livre-crucial-1-the-mans-guide-to-women-scientifically-proven-secrets-from-the-l\/541001606407479\/\">pr\u00e9sentation<\/a>)<\/li>\n<li>\n<div class=\"kno-ecr-pt kno-fb-ctx HOpgu gsmt EaHP9c\" data-local-attribute=\"d3bn\" data-ved=\"2ahUKEwi5yrDas__gAhWP1-AKHYUwCf0Q3B0oATASegQIBhAK\"><em>The friendship factor<\/em> &#8211;\u00a0<span data-ved=\"2ahUKEwi5yrDas__gAhWP1-AKHYUwCf0Q2kooAjASegQIBhAL\">Alan Loy McGinnis<\/span><\/div>\n<\/li>\n<li><em>The Seven Principles for Making Marriage Work &#8211; <\/em>John Gottman<\/li>\n<\/ol>\n<h6><span style=\"text-decoration: underline;\">Sciences divers<\/span> :<\/h6>\n<ol>\n<li><em>Surely you&#8217;re joking mister Feynman\u00a0<\/em>&#8211; Richard Feynman<\/li>\n<li><em>A Short History of Nearly Everything<\/em> &#8211; Bill Bryson<\/li>\n<li><em>How We Got To Now: Six Innovations That Made the Modern World\u00a0<\/em>&#8211; Steven Johnson<\/li>\n<\/ol>\n<h6><span style=\"text-decoration: underline;\">D\u00e9veloppement personnel<\/span> :<\/h6>\n<ol>\n<li><em>Deep work\u00a0<\/em>&#8211; Cal Newport<\/li>\n<li>\n<div class=\"kno-ecr-pt kno-fb-ctx gsmt\" data-local-attribute=\"d3bn\" data-ved=\"2ahUKEwiLvo2UuP_gAhXL5eAKHRDqC9UQ3B0oATAUegQIBhAK\"><em>Talk Like TED<\/em>\u00a0<span data-ved=\"2ahUKEwiLvo2UuP_gAhXL5eAKHRDqC9UQ2kooAjAUegQIBhAL\">&#8211; Carmine Gallo<\/span><\/div>\n<\/li>\n<li><em>The How of Happiness<\/em> &#8211;\u00a0<span data-ved=\"2ahUKEwjSjKWztf_gAhUM2OAKHVCXA9YQ2kooAjAUegQIBhAL\">Sonja Lyubomirsky<\/span><\/li>\n<li><em>Altered Traits: Science Reveals How Meditation Changes Your Mind, Brain, and Body\u00a0<\/em>&#8211; Daniel Goleman<\/li>\n<li><em>The Game: Penetrating the Secret Society of Pickup Artists<\/em> &#8211; Neil Strauss<\/li>\n<\/ol>\n<h6><span style=\"text-decoration: underline;\">Soci\u00e9t\u00e9<\/span> :<\/h6>\n<ol>\n<li>\n<div class=\"kno-ecr-pt kno-fb-ctx gsmt hNKfZe\" data-local-attribute=\"d3bn\" data-ved=\"2ahUKEwin1OLsuP_gAhXPBWMBHU_zAfAQ3B0oATAKegQIBxAK\"><em>Sapiens : Une br\u00e8ve histoire de l&#8217;humanit\u00e9<\/em> &#8211;\u00a0<span data-ved=\"2ahUKEwin1OLsuP_gAhXPBWMBHU_zAfAQ2kooAjAKegQIBxAL\">Yuval Noah Harari<\/span><\/div>\n<\/li>\n<li><em>La m\u00e9diocratie<\/em> &#8211; Alain Deneault<\/li>\n<li>\n<div class=\"kno-ecr-pt kno-fb-ctx HOpgu gsmt hNKfZe\" data-local-attribute=\"d3bn\" data-ved=\"2ahUKEwjS5K7RuP_gAhUh1uAKHU-rAtcQ3B0oATANegQIAhAK\"><em>Le Capital au XXIe si\u00e8cle<\/em> &#8211;\u00a0<span data-ved=\"2ahUKEwjS5K7RuP_gAhUh1uAKHU-rAtcQ2kooAjANegQIAhAL\">Thomas Piketty<\/span><\/div>\n<\/li>\n<li>\n<div class=\"kno-ecr-pt kno-fb-ctx gsmt\" data-local-attribute=\"d3bn\" data-ved=\"2ahUKEwjwzdPEt__gAhX9DWMBHW5XCNoQ3B0oATAOegQIBhAK\">\n<div class=\"kno-ecr-pt kno-fb-ctx PZPZlf HOpgu gsmt hNKfZe\" data-local-attribute=\"d3bn\" data-attrid=\"title\" data-ved=\"2ahUKEwjdvsL6ns3jAhXHxoUKHQmgBP8Q3B0oATAUegQIDhAK\">Tribe: On Homecoming and Belonging &#8211;<span data-ved=\"2ahUKEwjdvsL6ns3jAhXHxoUKHQmgBP8Q2kooAjAUegQIDhAL\">\u00a0Sebastian Junger<\/span><\/div>\n<\/div>\n<\/li>\n<li><em>The social animal\u00a0<\/em>&#8211; David Brooks<\/li>\n<\/ol>\n<h6><span style=\"text-decoration: underline;\">Informatique<\/span> :<\/h6>\n<ol>\n<li><em>Clean code &#8211; <\/em>Robert C. Martin<\/li>\n<li><em>Programming colective intelligence<\/em> &#8211; Toby Segaran<\/li>\n<\/ol>\n<h6><span style=\"text-decoration: underline;\">Divers<\/span> :<\/h6>\n<ol>\n<li><em>The anatomy of true story\u00a0<\/em>&#8211; John Truby<\/li>\n<li><em>Save The Cat!: The Last Book on Screenwriting You&#8217;ll Ever Need<\/em> &#8211; Blake Snyder (<a href=\"https:\/\/www.facebook.com\/notes\/coolstorybro\/la-pilule-bleue-pour-voir-les-flims-sous-un-autre-angle-livre-crucial-2\/541950062979300\/\">pr\u00e9sentation<\/a>)<\/li>\n<li><em>What Every BODY is Saying: An Ex-FBI Agent\u2019s Guide to Speed-Reading People<\/em> &#8211;\u00a0Joe Navarro<\/li>\n<\/ol>\n\n\t\t<\/div>\n\t<\/div>\n<\/div><\/div><\/div><div class=\"wpb_column vc_column_container vc_col-sm-3\"><div class=\"vc_column-inner\"><div class=\"wpb_wrapper\"><\/div><\/div><\/div><\/div>","protected":false},"excerpt":{"rendered":"Sur cette page, un r\u00e9cap de tous les livres cruciaux que j'ai lus et qui ont chang\u00e9 ma vie. \u00c9pist\u00e9mologie : La Formule du Savoir: Une philosophie unifi\u00e9e du savoir&hellip;","protected":false},"author":1,"featured_media":0,"parent":0,"menu_order":0,"comment_status":"closed","ping_status":"closed","template":"","meta":[],"yoast_head":"<!-- This site is optimized with the Yoast SEO plugin v16.4 - https:\/\/yoast.com\/wordpress\/plugins\/seo\/ -->\n<title>Livres cruciaux - Coolstorybro<\/title>\n<meta name=\"robots\" content=\"index, follow, max-snippet:-1, max-image-preview:large, max-video-preview:-1\" \/>\n<link rel=\"canonical\" href=\"https:\/\/coolstorybro.fr\/en\/livres-cruciaux\/\" \/>\n<meta property=\"og:locale\" content=\"en_US\" \/>\n<meta property=\"og:type\" content=\"article\" \/>\n<meta property=\"og:title\" content=\"Livres cruciaux - Coolstorybro\" \/>\n<meta property=\"og:url\" content=\"https:\/\/coolstorybro.fr\/en\/livres-cruciaux\/\" \/>\n<meta property=\"og:site_name\" content=\"Coolstorybro\" \/>\n<meta property=\"article:publisher\" content=\"https:\/\/www.facebook.com\/thibaut.ehlinger\" \/>\n<meta property=\"article:modified_time\" content=\"2021-06-10T08:05:30+00:00\" \/>\n<meta name=\"twitter:card\" content=\"summary_large_image\" \/>\n<meta name=\"twitter:label1\" content=\"Est. reading time\" \/>\n\t<meta name=\"twitter:data1\" content=\"3 minutes\" \/>\n<script type=\"application\/ld+json\" class=\"yoast-schema-graph\">{\"@context\":\"https:\/\/schema.org\",\"@graph\":[{\"@type\":\"WebSite\",\"@id\":\"https:\/\/coolstorybro.fr\/#website\",\"url\":\"https:\/\/coolstorybro.fr\/\",\"name\":\"Coolstorybro\",\"description\":\"Blog de Thibaut Ehlinger\",\"potentialAction\":[{\"@type\":\"SearchAction\",\"target\":\"https:\/\/coolstorybro.fr\/?s={search_term_string}\",\"query-input\":\"required name=search_term_string\"}],\"inLanguage\":\"en-US\"},{\"@type\":\"WebPage\",\"@id\":\"https:\/\/coolstorybro.fr\/en\/livres-cruciaux\/#webpage\",\"url\":\"https:\/\/coolstorybro.fr\/en\/livres-cruciaux\/\",\"name\":\"Livres cruciaux - Coolstorybro\",\"isPartOf\":{\"@id\":\"https:\/\/coolstorybro.fr\/#website\"},\"datePublished\":\"2019-03-08T12:05:57+00:00\",\"dateModified\":\"2021-06-10T08:05:30+00:00\",\"breadcrumb\":{\"@id\":\"https:\/\/coolstorybro.fr\/en\/livres-cruciaux\/#breadcrumb\"},\"inLanguage\":\"en-US\",\"potentialAction\":[{\"@type\":\"ReadAction\",\"target\":[\"https:\/\/coolstorybro.fr\/en\/livres-cruciaux\/\"]}]},{\"@type\":\"BreadcrumbList\",\"@id\":\"https:\/\/coolstorybro.fr\/en\/livres-cruciaux\/#breadcrumb\",\"itemListElement\":[{\"@type\":\"ListItem\",\"position\":1,\"item\":{\"@type\":\"WebPage\",\"@id\":\"https:\/\/coolstorybro.fr\/\",\"url\":\"https:\/\/coolstorybro.fr\/\",\"name\":\"Home\"}},{\"@type\":\"ListItem\",\"position\":2,\"item\":{\"@id\":\"https:\/\/coolstorybro.fr\/en\/livres-cruciaux\/#webpage\"}}]}]}<\/script>\n<!-- \/ Yoast SEO plugin. -->","_links":{"self":[{"href":"https:\/\/coolstorybro.fr\/en\/wp-json\/wp\/v2\/pages\/379"}],"collection":[{"href":"https:\/\/coolstorybro.fr\/en\/wp-json\/wp\/v2\/pages"}],"about":[{"href":"https:\/\/coolstorybro.fr\/en\/wp-json\/wp\/v2\/types\/page"}],"author":[{"embeddable":true,"href":"https:\/\/coolstorybro.fr\/en\/wp-json\/wp\/v2\/users\/1"}],"replies":[{"embeddable":true,"href":"https:\/\/coolstorybro.fr\/en\/wp-json\/wp\/v2\/comments?post=379"}],"version-history":[{"count":35,"href":"https:\/\/coolstorybro.fr\/en\/wp-json\/wp\/v2\/pages\/379\/revisions"}],"predecessor-version":[{"id":642,"href":"https:\/\/coolstorybro.fr\/en\/wp-json\/wp\/v2\/pages\/379\/revisions\/642"}],"wp:attachment":[{"href":"https:\/\/coolstorybro.fr\/en\/wp-json\/wp\/v2\/media?parent=379"}],"curies":[{"name":"wp","href":"https:\/\/api.w.org\/{rel}","templated":true}]}}