{"id":688,"date":"2021-10-19T14:48:40","date_gmt":"2021-10-19T12:48:40","guid":{"rendered":"https:\/\/coolstorybro.fr\/?page_id=688"},"modified":"2021-10-19T14:54:22","modified_gmt":"2021-10-19T12:54:22","slug":"un-livre-1000-mots","status":"publish","type":"page","link":"https:\/\/coolstorybro.fr\/en\/un-livre-1000-mots\/","title":{"rendered":"Un livre, 1000 Mots"},"content":{"rendered":"<p>Cette page est une archive de posts FB &#8220;Un livre, 1000 mots&#8221; &#8211; des r\u00e9sum\u00e9s subjectifs et personnels de livres que j&#8217;ai lu et de ce qui m&#8217;a marqu\u00e9 \u00e0 leur lecture.<\/p>\n\n\n\n<ul><li><a href=\"https:\/\/coolstorybro.fr\/en\/pas-de-fusils-dans-la-nature-pierre-rigaux-2019\/\" target=\"_blank\" rel=\"noreferrer noopener\"><em>Pas de fusils dans la Nature<\/em>, Pierre Rigaux, 2019<\/a><\/li><\/ul>","protected":false},"excerpt":{"rendered":"<p>Cette page est une archive de posts FB &#8220;Un livre, 1000 mots&#8221; &#8211; des r\u00e9sum\u00e9s subjectifs et personnels de livres que j&#8217;ai lu et de ce qui m&#8217;a marqu\u00e9 \u00e0&hellip;<\/p>","protected":false},"author":1,"featured_media":0,"parent":0,"menu_order":0,"comment_status":"closed","ping_status":"closed","template":"","meta":[],"yoast_head":"<!-- This site is optimized with the Yoast SEO plugin v16.4 - https:\/\/yoast.com\/wordpress\/plugins\/seo\/ -->\n<title>Un livre, 1000 Mots - Coolstorybro<\/title>\n<meta name=\"robots\" content=\"index, follow, max-snippet:-1, max-image-preview:large, max-video-preview:-1\" \/>\n<link rel=\"canonical\" href=\"https:\/\/coolstorybro.fr\/en\/un-livre-1000-mots\/\" \/>\n<meta property=\"og:locale\" content=\"en_US\" \/>\n<meta property=\"og:type\" content=\"article\" \/>\n<meta property=\"og:title\" content=\"Un livre, 1000 Mots - Coolstorybro\" \/>\n<meta property=\"og:description\" content=\"Cette page est une archive de posts FB &#8220;Un livre, 1000 mots&#8221; &#8211; des r\u00e9sum\u00e9s subjectifs et personnels de livres que j&#8217;ai lu et de ce qui m&#8217;a marqu\u00e9 \u00e0&hellip;\" \/>\n<meta property=\"og:url\" content=\"https:\/\/coolstorybro.fr\/en\/un-livre-1000-mots\/\" \/>\n<meta property=\"og:site_name\" content=\"Coolstorybro\" \/>\n<meta property=\"article:publisher\" content=\"https:\/\/www.facebook.com\/thibaut.ehlinger\" \/>\n<meta property=\"article:modified_time\" content=\"2021-10-19T12:54:22+00:00\" \/>\n<meta name=\"twitter:card\" content=\"summary_large_image\" \/>\n<meta name=\"twitter:label1\" content=\"Est. reading time\" \/>\n\t<meta name=\"twitter:data1\" content=\"1 minute\" \/>\n<script type=\"application\/ld+json\" class=\"yoast-schema-graph\">{\"@context\":\"https:\/\/schema.org\",\"@graph\":[{\"@type\":\"WebSite\",\"@id\":\"https:\/\/coolstorybro.fr\/#website\",\"url\":\"https:\/\/coolstorybro.fr\/\",\"name\":\"Coolstorybro\",\"description\":\"Blog de Thibaut Ehlinger\",\"potentialAction\":[{\"@type\":\"SearchAction\",\"target\":\"https:\/\/coolstorybro.fr\/?s={search_term_string}\",\"query-input\":\"required name=search_term_string\"}],\"inLanguage\":\"en-US\"},{\"@type\":\"WebPage\",\"@id\":\"https:\/\/coolstorybro.fr\/un-livre-1000-mots\/#webpage\",\"url\":\"https:\/\/coolstorybro.fr\/un-livre-1000-mots\/\",\"name\":\"Un livre, 1000 Mots - Coolstorybro\",\"isPartOf\":{\"@id\":\"https:\/\/coolstorybro.fr\/#website\"},\"datePublished\":\"2021-10-19T12:48:40+00:00\",\"dateModified\":\"2021-10-19T12:54:22+00:00\",\"breadcrumb\":{\"@id\":\"https:\/\/coolstorybro.fr\/un-livre-1000-mots\/#breadcrumb\"},\"inLanguage\":\"en-US\",\"potentialAction\":[{\"@type\":\"ReadAction\",\"target\":[\"https:\/\/coolstorybro.fr\/un-livre-1000-mots\/\"]}]},{\"@type\":\"BreadcrumbList\",\"@id\":\"https:\/\/coolstorybro.fr\/un-livre-1000-mots\/#breadcrumb\",\"itemListElement\":[{\"@type\":\"ListItem\",\"position\":1,\"item\":{\"@type\":\"WebPage\",\"@id\":\"https:\/\/coolstorybro.fr\/\",\"url\":\"https:\/\/coolstorybro.fr\/\",\"name\":\"Home\"}},{\"@type\":\"ListItem\",\"position\":2,\"item\":{\"@id\":\"https:\/\/coolstorybro.fr\/un-livre-1000-mots\/#webpage\"}}]}]}<\/script>\n<!-- \/ Yoast SEO plugin. -->","_links":{"self":[{"href":"https:\/\/coolstorybro.fr\/en\/wp-json\/wp\/v2\/pages\/688"}],"collection":[{"href":"https:\/\/coolstorybro.fr\/en\/wp-json\/wp\/v2\/pages"}],"about":[{"href":"https:\/\/coolstorybro.fr\/en\/wp-json\/wp\/v2\/types\/page"}],"author":[{"embeddable":true,"href":"https:\/\/coolstorybro.fr\/en\/wp-json\/wp\/v2\/users\/1"}],"replies":[{"embeddable":true,"href":"https:\/\/coolstorybro.fr\/en\/wp-json\/wp\/v2\/comments?post=688"}],"version-history":[{"count":5,"href":"https:\/\/coolstorybro.fr\/en\/wp-json\/wp\/v2\/pages\/688\/revisions"}],"predecessor-version":[{"id":697,"href":"https:\/\/coolstorybro.fr\/en\/wp-json\/wp\/v2\/pages\/688\/revisions\/697"}],"wp:attachment":[{"href":"https:\/\/coolstorybro.fr\/en\/wp-json\/wp\/v2\/media?parent=688"}],"curies":[{"name":"wp","href":"https:\/\/api.w.org\/{rel}","templated":true}]}}